{"id":2774,"date":"2024-06-03T12:16:54","date_gmt":"2024-06-03T10:16:54","guid":{"rendered":"https:\/\/gazwoda.pl\/open-access-articles-2\/"},"modified":"2026-01-05T13:01:52","modified_gmt":"2026-01-05T12:01:52","slug":"open-access-articles-2","status":"publish","type":"page","link":"https:\/\/gazwoda.pl\/en\/","title":{"rendered":"Open access articles"},"content":{"rendered":"\t\t<div data-elementor-type=\"wp-page\" data-elementor-id=\"2774\" class=\"elementor elementor-2774 elementor-2478\" data-elementor-post-type=\"page\">\n\t\t\t\t\t\t<section class=\"elementor-section elementor-top-section elementor-element elementor-element-92f1731 elementor-section-boxed elementor-section-height-default elementor-section-height-default\" data-id=\"92f1731\" data-element_type=\"section\" data-e-type=\"section\">\n\t\t\t\t\t\t<div class=\"elementor-container elementor-column-gap-default\">\n\t\t\t\t\t<div class=\"elementor-column elementor-col-100 elementor-top-column elementor-element elementor-element-e4925a0\" data-id=\"e4925a0\" data-element_type=\"column\" data-e-type=\"column\">\n\t\t\t<div class=\"elementor-widget-wrap elementor-element-populated\">\n\t\t\t\t\t\t<div class=\"elementor-element elementor-element-c9c901f elementor-widget elementor-widget-text-editor\" data-id=\"c9c901f\" data-element_type=\"widget\" data-e-type=\"widget\" data-widget_type=\"text-editor.default\">\n\t\t\t\t<div class=\"elementor-widget-container\">\n\t\t\t\t\t\t\t\t\t<h2><strong>Message to Readers<\/strong><\/h2><p>We would like to kindly inform you that due to the change of the publisher of the monthly magazine <strong><strong><strong><strong>Gaz, Woda i Technika Sanitarna<\/strong><\/strong><\/strong><\/strong> from SIGMA NOT Sp. z o.o. to the Polish Association of Sanitary Engineers and Technicians<a href=\"https:\/\/pzits.pl\/\" target=\"_blank\">(<\/a>https:\/\/pzits.pl\/), the next issues of the magazine will be published on the new dedicated website of the magazine: <a href=\"https:\/\/gwits.pl\/\" target=\"_blank\">https:\/\/gwits.pl\/<\/a> <\/p><p>We invite you to visit the new site, where current issues of the monthly magazine and current information related to its publishing activities will be available.<\/p>\t\t\t\t\t\t\t\t<\/div>\n\t\t\t\t<\/div>\n\t\t\t\t\t<\/div>\n\t\t<\/div>\n\t\t\t\t\t<\/div>\n\t\t<\/section>\n\t\t\t\t<section class=\"elementor-section elementor-top-section elementor-element elementor-element-76e8cd6 elementor-section-boxed elementor-section-height-default elementor-section-height-default\" data-id=\"76e8cd6\" data-element_type=\"section\" data-e-type=\"section\">\n\t\t\t\t\t\t<div class=\"elementor-container elementor-column-gap-default\">\n\t\t\t\t\t<div class=\"elementor-column elementor-col-100 elementor-top-column elementor-element elementor-element-6ece131\" data-id=\"6ece131\" data-element_type=\"column\" data-e-type=\"column\">\n\t\t\t<div class=\"elementor-widget-wrap elementor-element-populated\">\n\t\t\t\t\t\t<div class=\"elementor-element elementor-element-3e7ae64 elementor-widget elementor-widget-heading\" data-id=\"3e7ae64\" data-element_type=\"widget\" data-e-type=\"widget\" data-widget_type=\"heading.default\">\n\t\t\t\t<div class=\"elementor-widget-container\">\n\t\t\t\t\t<h2 class=\"elementor-heading-title elementor-size-default\">Open Access articles<\/h2>\t\t\t\t<\/div>\n\t\t\t\t<\/div>\n\t\t\t\t\t<\/div>\n\t\t<\/div>\n\t\t\t\t\t<\/div>\n\t\t<\/section>\n\t\t\t\t<section class=\"elementor-section elementor-top-section elementor-element elementor-element-2d96e73 elementor-section-full_width elementor-section-height-default elementor-section-height-default\" data-id=\"2d96e73\" data-element_type=\"section\" data-e-type=\"section\">\n\t\t\t\t\t\t<div class=\"elementor-container elementor-column-gap-default\">\n\t\t\t\t\t<div class=\"elementor-column elementor-col-100 elementor-top-column elementor-element elementor-element-fd62829\" data-id=\"fd62829\" data-element_type=\"column\" data-e-type=\"column\">\n\t\t\t<div class=\"elementor-widget-wrap\">\n\t\t\t\t\t\t\t<\/div>\n\t\t<\/div>\n\t\t\t\t\t<\/div>\n\t\t<\/section>\n\t\t\t\t<section class=\"elementor-section elementor-top-section elementor-element elementor-element-8a311fd elementor-section-boxed elementor-section-height-default elementor-section-height-default\" data-id=\"8a311fd\" data-element_type=\"section\" data-e-type=\"section\">\n\t\t\t\t\t\t<div class=\"elementor-container elementor-column-gap-default\">\n\t\t\t\t\t<div class=\"elementor-column elementor-col-100 elementor-top-column elementor-element elementor-element-019bb0a\" data-id=\"019bb0a\" data-element_type=\"column\" data-e-type=\"column\">\n\t\t\t<div class=\"elementor-widget-wrap elementor-element-populated\">\n\t\t\t\t\t\t<div class=\"elementor-element elementor-element-7e482c8 elementor-widget elementor-widget-posts\" data-id=\"7e482c8\" data-element_type=\"widget\" data-e-type=\"widget\" data-settings=\"{&quot;pagination_type&quot;:&quot;numbers_and_prev_next&quot;,&quot;full_content_row_gap&quot;:{&quot;unit&quot;:&quot;px&quot;,&quot;size&quot;:35,&quot;sizes&quot;:[]}}\" data-widget_type=\"posts.full_content\">\n\t\t\t\t<div class=\"elementor-widget-container\">\n\t\t\t\t\t\t\t<div class=\"elementor-posts-container elementor-posts elementor-posts--skin-full_content elementor-grid\" role=\"list\">\n\t\t\t\t<article class=\"elementor-post elementor-grid-item post-7993 post type-post status-publish format-standard hentry category-2025-en tag-uklady-sterowania\" role=\"listitem\">\n\t\t\t\t<div class=\"elementor-post__text\">\n\t\t\n<h2 class=\"wp-block-heading\">Safety of processes<\/h2>\n\n<p>Wojciech Kramarek<\/p>\n\n<p>DOI: 10.15199\/17.2025.12.6, <strong>December 2025<\/strong><\/p>\n\n<p><a href=\"https:\/\/gazwoda.pl\/wp-content\/uploads\/2025\/12\/1015199172025126.pdf\" target=\"_blank\" rel=\"noreferrer noopener\" target=\"_blank\" target=\"_blank\">Download pdf<\/a><\/p>\n\n<hr class=\"wp-block-separator has-alpha-channel-opacity\"\/>\n\t\t<\/div>\n\t\t\t\t<\/article>\n\t\t\t\t<article class=\"elementor-post elementor-grid-item post-7989 post type-post status-publish format-standard hentry category-2025-en tag-consumer-protection tag-food-sector-2 tag-greenwashing tag-marketing-communications tag-sustainability\" role=\"listitem\">\n\t\t\t\t<div class=\"elementor-post__text\">\n\t\t\n<h2 class=\"wp-block-heading\">An Analysis and Evaluation of the Greenwashing Phenomenon in the Polish Market with Particular Emphasis on the Food Sector<\/h2>\n\n<p>Natalia D\u0105browska, Anna Rolewicz-Kali\u0144ska, Krystyna Lelici\u0144ska-Serafin<\/p>\n\n<p>DOI: 10.15199\/17.2025.12.5, <strong>December 2025<\/strong><\/p>\n\n<p><a href=\"https:\/\/gazwoda.pl\/wp-content\/uploads\/2025\/12\/1015199172025125.pdf\" target=\"_blank\" rel=\"noreferrer noopener\" target=\"_blank\" target=\"_blank\">Download pdf<\/a><\/p>\n\n<hr class=\"wp-block-separator has-alpha-channel-opacity\"\/>\n\t\t<\/div>\n\t\t\t\t<\/article>\n\t\t\t\t<article class=\"elementor-post elementor-grid-item post-7987 post type-post status-publish format-standard hentry category-2025-en tag-anthropogenic-deposits tag-closed-loop-economy tag-extractive-waste tag-geoengineering tag-recycling\" role=\"listitem\">\n\t\t\t\t<div class=\"elementor-post__text\">\n\t\t\n<h2 class=\"wp-block-heading\">Preliminary Geological and Economic Assessment of Selected Mining Waste Deposits and Their Potential Utilization within a Circular Economy Framework <\/h2>\n\n<p>Slawomir Szymanowicz, Amelia Zielinska, Urszula Koniuch<\/p>\n\n<p>DOI: 10.15199\/17.2025.12.4, <strong>December 2025<\/strong><\/p>\n\n<p><a href=\"https:\/\/gazwoda.pl\/wp-content\/uploads\/2025\/12\/1015199172025124.pdf\" target=\"_blank\" rel=\"noreferrer noopener\" target=\"_blank\" target=\"_blank\">Download pdf<\/a><\/p>\n\n<hr class=\"wp-block-separator has-alpha-channel-opacity\"\/>\n\n<p><\/p>\n\t\t<\/div>\n\t\t\t\t<\/article>\n\t\t\t\t<article class=\"elementor-post elementor-grid-item post-7985 post type-post status-publish format-standard hentry category-2025-en tag-caribbean-region tag-drinking-water-2 tag-removal-of-contaminants tag-small-island-developing-states-sids tag-standards-for-drinking-water-quality tag-sustainable-water-management tag-water-treatment-plant-wtp\" role=\"listitem\">\n\t\t\t\t<div class=\"elementor-post__text\">\n\t\t\n<h2 class=\"wp-block-heading\">Comprehensive Water Treatment Plant (WTP) Design Guide for Resource Circularity in the Caribbean: Part 2<\/h2>\n\n<p>Kiran Tota-Maharaj and Tawari Tota-Maharaj<\/p>\n\n<p>DOI: 10.15199\/17.2025.12.3, <strong>December 2025<\/strong><\/p>\n\n<p><a href=\"https:\/\/gazwoda.pl\/wp-content\/uploads\/2025\/12\/1015199172025123.pdf\" target=\"_blank\" rel=\"noreferrer noopener\" target=\"_blank\" target=\"_blank\">Download pdf<\/a><\/p>\n\n<hr class=\"wp-block-separator has-alpha-channel-opacity\"\/>\n\n<p><\/p>\n\t\t<\/div>\n\t\t\t\t<\/article>\n\t\t\t\t<article class=\"elementor-post elementor-grid-item post-7983 post type-post status-publish format-standard hentry category-2025-en tag-arsen tag-bor tag-cudowne-zrodla tag-lit tag-odzysk tag-solanki tag-stront\" role=\"listitem\">\n\t\t\t\t<div class=\"elementor-post__text\">\n\t\t\n<h2 class=\"wp-block-heading\">Ground water research in the Polish Outer Eastern Carpathians<\/h2>\n\n<p>Andrzej \u0141ach, Monika Adamska, Pawe\u0142 Ryba<\/p>\n\n<p>DOI: 10.15199\/17.2025.12.2, <strong>grudzien 2025<\/strong><\/p>\n\n<p><a href=\"https:\/\/gazwoda.pl\/wp-content\/uploads\/2025\/12\/1015199172025122.pdf\" target=\"_blank\" rel=\"noreferrer noopener\" target=\"_blank\" target=\"_blank\">Download pdf<\/a><\/p>\n\n<hr class=\"wp-block-separator has-alpha-channel-opacity\"\/>\n\t\t<\/div>\n\t\t\t\t<\/article>\n\t\t\t\t<article class=\"elementor-post elementor-grid-item post-7981 post type-post status-publish format-standard hentry category-2025-en tag-pipeline-networks-hydraulic-modeling-single-phase-flow-contaminated-co2-composition-tracking-non-tube-components\" role=\"listitem\">\n\t\t\t\t<div class=\"elementor-post__text\">\n\t\t\n<h2 class=\"wp-block-heading\">Steady-state simulation of pipeline networks for carbon dioxide transportation <\/h2>\n\n<p>Andrzej J. Osiadacz, Maciej Chaczykowski, \u0141ukasz Koty\u0144ski, Tomasz Bleschke, Ferdinand E. Uilhoorn<\/p>\n\n<p>DOI: 10.15199\/17.2025.12.1, <strong>December 2025<\/strong><\/p>\n\n<p><a href=\"https:\/\/gazwoda.pl\/wp-content\/uploads\/2025\/12\/1015199172025121.pdf\" target=\"_blank\" rel=\"noreferrer noopener\" target=\"_blank\" target=\"_blank\">Download pdf<\/a><\/p>\n\n<hr class=\"wp-block-separator has-alpha-channel-opacity\"\/>\n\n<p><\/p>\n\t\t<\/div>\n\t\t\t\t<\/article>\n\t\t\t\t<\/div>\n\t\t\n\t\t\t\t<div class=\"e-load-more-anchor\" data-page=\"1\" data-max-page=\"48\" data-next-page=\"https:\/\/gazwoda.pl\/en\/wp-json\/wp\/v2\/pages\/2774\/page\/2\/\"><\/div>\n\t\t\t\t<nav class=\"elementor-pagination\" aria-label=\"Pagination\">\n\t\t\t<span class=\"page-numbers prev\">\" Previous<\/span>\n<span aria-current=\"page\" class=\"page-numbers current\"><span class=\"elementor-screen-only\">Page<\/span>1<\/span>\n<a class=\"page-numbers\" href=\"https:\/\/gazwoda.pl\/en\/wp-json\/wp\/v2\/pages\/2774\/page\/2\/\" target=\"_blank\"><span class=\"elementor-screen-only\">Page<\/span>2<\/a>\n<a class=\"page-numbers\" href=\"https:\/\/gazwoda.pl\/en\/wp-json\/wp\/v2\/pages\/2774\/page\/3\/\" target=\"_blank\"><span class=\"elementor-screen-only\">Page<\/span>3<\/a>\n<span class=\"page-numbers dots\">&hellip;<\/span>\n<a class=\"page-numbers\" href=\"https:\/\/gazwoda.pl\/en\/wp-json\/wp\/v2\/pages\/2774\/page\/48\/\" target=\"_blank\"><span class=\"elementor-screen-only\">Page<\/span>48<\/a>\n<a class=\"page-numbers next\" href=\"https:\/\/gazwoda.pl\/en\/wp-json\/wp\/v2\/pages\/2774\/page\/2\/\" target=\"_blank\">Next \"<\/a>\t\t<\/nav>\n\t\t\t\t\t\t<\/div>\n\t\t\t\t<\/div>\n\t\t\t\t\t<\/div>\n\t\t<\/div>\n\t\t\t\t\t<\/div>\n\t\t<\/section>\n\t\t\t\t<\/div>\n\t\t","protected":false},"excerpt":{"rendered":"<p>Message to Readers We would like to kindly inform you that due to the change of the publisher of the monthly magazine Gaz, Woda i Technika Sanitarna from SIGMA NOT Sp. z o.o. to the Polish Association of Sanitary Engineers and Technicians(https:\/\/pzits.pl\/), the next issues of the magazine will be published on the new dedicated [&hellip;]<\/p>\n","protected":false},"author":1,"featured_media":0,"parent":0,"menu_order":0,"comment_status":"closed","ping_status":"closed","template":"elementor_header_footer","meta":{"footnotes":""},"class_list":["post-2774","page","type-page","status-publish","hentry"],"_links":{"self":[{"href":"https:\/\/gazwoda.pl\/en\/wp-json\/wp\/v2\/pages\/2774","targetHints":{"allow":["GET"]}}],"collection":[{"href":"https:\/\/gazwoda.pl\/en\/wp-json\/wp\/v2\/pages"}],"about":[{"href":"https:\/\/gazwoda.pl\/en\/wp-json\/wp\/v2\/types\/page"}],"author":[{"embeddable":true,"href":"https:\/\/gazwoda.pl\/en\/wp-json\/wp\/v2\/users\/1"}],"replies":[{"embeddable":true,"href":"https:\/\/gazwoda.pl\/en\/wp-json\/wp\/v2\/comments?post=2774"}],"version-history":[{"count":4,"href":"https:\/\/gazwoda.pl\/en\/wp-json\/wp\/v2\/pages\/2774\/revisions"}],"predecessor-version":[{"id":8174,"href":"https:\/\/gazwoda.pl\/en\/wp-json\/wp\/v2\/pages\/2774\/revisions\/8174"}],"wp:attachment":[{"href":"https:\/\/gazwoda.pl\/en\/wp-json\/wp\/v2\/media?parent=2774"}],"curies":[{"name":"wp","href":"https:\/\/api.w.org\/{rel}","templated":true}]}}